{"id":79,"date":"2018-04-08T16:10:34","date_gmt":"2018-04-08T16:10:34","guid":{"rendered":"https:\/\/lamancha.es?page_id=79"},"modified":"2019-08-27T12:48:06","modified_gmt":"2019-08-27T12:48:06","slug":"contact","status":"publish","type":"page","link":"https:\/\/lamancha.es\/fr\/contact","title":{"rendered":"Contactez-nous"},"content":{"rendered":"<p><span style=\"font-weight: 400;\">Si vous avez des commentaires, des id\u00e9es ou des suggestions que vous voulez partager avec nous, n\u2019h\u00e9sitez pas \u00e0 nous contacter \u00e0 travers ce formulaire.<\/span><\/p>\n\n<div class=\"wpcf7 no-js\" id=\"wpcf7-f101-o1\" lang=\"es-ES\" dir=\"ltr\" data-wpcf7-id=\"101\">\n<div class=\"screen-reader-response\"><p role=\"status\" aria-live=\"polite\" aria-atomic=\"true\"><\/p> <ul><\/ul><\/div>\n<form action=\"\/fr\/wp-json\/wp\/v2\/pages\/79#wpcf7-f101-o1\" method=\"post\" class=\"wpcf7-form init\" aria-label=\"Formulario de contacto\" novalidate=\"novalidate\" data-status=\"init\">\n<fieldset class=\"hidden-fields-container\"><input type=\"hidden\" name=\"_wpcf7\" value=\"101\" \/><input type=\"hidden\" name=\"_wpcf7_version\" value=\"6.1.5\" \/><input type=\"hidden\" name=\"_wpcf7_locale\" value=\"es_ES\" \/><input type=\"hidden\" name=\"_wpcf7_unit_tag\" value=\"wpcf7-f101-o1\" \/><input type=\"hidden\" name=\"_wpcf7_container_post\" value=\"0\" \/><input type=\"hidden\" name=\"_wpcf7_posted_data_hash\" value=\"\" \/><input type=\"hidden\" name=\"_wpcf7_recaptcha_response\" value=\"\" \/>\n<\/fieldset>\n<p><label> Pr\u00e9nom*<br \/>\n<span class=\"wpcf7-form-control-wrap\" data-name=\"your-name\"><input size=\"40\" maxlength=\"400\" class=\"wpcf7-form-control wpcf7-text wpcf7-validates-as-required\" aria-required=\"true\" aria-invalid=\"false\" value=\"\" type=\"text\" name=\"your-name\" \/><\/span> <\/label>\n<\/p>\n<p><label> Courriel*<br \/>\n<span class=\"wpcf7-form-control-wrap\" data-name=\"your-email\"><input size=\"40\" maxlength=\"400\" class=\"wpcf7-form-control wpcf7-email wpcf7-validates-as-required wpcf7-text wpcf7-validates-as-email\" aria-required=\"true\" aria-invalid=\"false\" value=\"\" type=\"email\" name=\"your-email\" \/><\/span> <\/label>\n<\/p>\n<p><label> Sujet<br \/>\n<span class=\"wpcf7-form-control-wrap\" data-name=\"your-subject\"><input size=\"40\" maxlength=\"400\" class=\"wpcf7-form-control wpcf7-text\" aria-invalid=\"false\" value=\"\" type=\"text\" name=\"your-subject\" \/><\/span> <\/label>\n<\/p>\n<p><label> Commentaire<br \/>\n<span class=\"wpcf7-form-control-wrap\" data-name=\"your-message\"><textarea cols=\"40\" rows=\"10\" maxlength=\"2000\" class=\"wpcf7-form-control wpcf7-textarea\" aria-invalid=\"false\" name=\"your-message\"><\/textarea><\/span> <\/label>\n<\/p>\n<p>*champs obligatoires\n<\/p>\n<p><input class=\"wpcf7-form-control wpcf7-submit has-spinner\" type=\"submit\" value=\"Envoyer\" \/>\n<\/p><div class=\"wpcf7-response-output\" aria-hidden=\"true\"><\/div>\n<\/form>\n<\/div>\n\n","protected":false},"excerpt":{"rendered":"<p>Si vous avez des commentaires, des id\u00e9es ou des suggestions que vous voulez partager avec nous, n\u2019h\u00e9sitez pas \u00e0 nous contacter \u00e0 travers ce formulaire.<\/p>\n","protected":false},"author":1,"featured_media":0,"parent":0,"menu_order":0,"comment_status":"closed","ping_status":"closed","template":"contact.php","meta":{"footnotes":""},"class_list":["post-79","page","type-page","status-publish","hentry"],"yoast_head":"<!-- This site is optimized with the Yoast SEO plugin v27.4 - https:\/\/yoast.com\/product\/yoast-seo-wordpress\/ -->\n<title>Contactez-nous - La Mancha m\u00e1s que molinos<\/title>\n<meta name=\"robots\" content=\"index, follow, max-snippet:-1, max-image-preview:large, max-video-preview:-1\" \/>\n<link rel=\"canonical\" href=\"https:\/\/lamancha.es\/fr\/contact\" \/>\n<meta property=\"og:locale\" content=\"fr_FR\" \/>\n<meta property=\"og:type\" content=\"article\" \/>\n<meta property=\"og:title\" content=\"Contactez-nous - La Mancha m\u00e1s que molinos\" \/>\n<meta property=\"og:description\" content=\"Si vous avez des commentaires, des id\u00e9es ou des suggestions que vous voulez partager avec nous, n\u2019h\u00e9sitez pas \u00e0 nous contacter \u00e0 travers ce formulaire.\" \/>\n<meta property=\"og:url\" content=\"https:\/\/lamancha.es\/fr\/contact\" \/>\n<meta property=\"og:site_name\" content=\"La Mancha m\u00e1s que molinos\" \/>\n<meta property=\"article:modified_time\" content=\"2019-08-27T12:48:06+00:00\" \/>\n<meta name=\"twitter:card\" content=\"summary_large_image\" \/>\n<script type=\"application\/ld+json\" class=\"yoast-schema-graph\">{\"@context\":\"https:\\\/\\\/schema.org\",\"@graph\":[{\"@type\":\"WebPage\",\"@id\":\"https:\\\/\\\/lamancha.es\\\/fr\\\/contact\",\"url\":\"https:\\\/\\\/lamancha.es\\\/fr\\\/contact\",\"name\":\"Contactez-nous - La Mancha m\u00e1s que molinos\",\"isPartOf\":{\"@id\":\"https:\\\/\\\/lamancha.es\\\/fr#website\"},\"datePublished\":\"2018-04-08T16:10:34+00:00\",\"dateModified\":\"2019-08-27T12:48:06+00:00\",\"breadcrumb\":{\"@id\":\"https:\\\/\\\/lamancha.es\\\/fr\\\/contact#breadcrumb\"},\"inLanguage\":\"fr-FR\",\"potentialAction\":[{\"@type\":\"ReadAction\",\"target\":[\"https:\\\/\\\/lamancha.es\\\/fr\\\/contact\"]}]},{\"@type\":\"BreadcrumbList\",\"@id\":\"https:\\\/\\\/lamancha.es\\\/fr\\\/contact#breadcrumb\",\"itemListElement\":[{\"@type\":\"ListItem\",\"position\":1,\"name\":\"\",\"item\":\"https:\\\/\\\/lamancha.es\\\/fr\"},{\"@type\":\"ListItem\",\"position\":2,\"name\":\"Contactez-nous\"}]},{\"@type\":\"WebSite\",\"@id\":\"https:\\\/\\\/lamancha.es\\\/fr#website\",\"url\":\"https:\\\/\\\/lamancha.es\\\/fr\",\"name\":\"La Mancha m\u00e1s que molinos\",\"description\":\"Blog pour d\u00e9couvrir la culture, les saveurs et les lieux \u00e0 visiter \u00e0 Castilla-La Mancha, Espagne\",\"publisher\":{\"@id\":\"https:\\\/\\\/lamancha.es\\\/fr#\\\/schema\\\/person\\\/005b0b7123adff1bb585f1b0645c2612\"},\"potentialAction\":[{\"@type\":\"SearchAction\",\"target\":{\"@type\":\"EntryPoint\",\"urlTemplate\":\"https:\\\/\\\/lamancha.es\\\/fr?s={search_term_string}\"},\"query-input\":{\"@type\":\"PropertyValueSpecification\",\"valueRequired\":true,\"valueName\":\"search_term_string\"}}],\"inLanguage\":\"fr-FR\"},{\"@type\":[\"Person\",\"Organization\"],\"@id\":\"https:\\\/\\\/lamancha.es\\\/fr#\\\/schema\\\/person\\\/005b0b7123adff1bb585f1b0645c2612\",\"name\":\"Lola\",\"image\":{\"@type\":\"ImageObject\",\"inLanguage\":\"fr-FR\",\"@id\":\"https:\\\/\\\/secure.gravatar.com\\\/avatar\\\/8dea1eeb04d4046962d666312620c042fb33aa904add585ea4618a6b4baa3a2e?s=96&d=mm&r=g\",\"url\":\"https:\\\/\\\/secure.gravatar.com\\\/avatar\\\/8dea1eeb04d4046962d666312620c042fb33aa904add585ea4618a6b4baa3a2e?s=96&d=mm&r=g\",\"contentUrl\":\"https:\\\/\\\/secure.gravatar.com\\\/avatar\\\/8dea1eeb04d4046962d666312620c042fb33aa904add585ea4618a6b4baa3a2e?s=96&d=mm&r=g\",\"caption\":\"Lola\"},\"logo\":{\"@id\":\"https:\\\/\\\/secure.gravatar.com\\\/avatar\\\/8dea1eeb04d4046962d666312620c042fb33aa904add585ea4618a6b4baa3a2e?s=96&d=mm&r=g\"}}]}<\/script>\n<!-- \/ Yoast SEO plugin. -->","yoast_head_json":{"title":"Contactez-nous - La Mancha m\u00e1s que molinos","robots":{"index":"index","follow":"follow","max-snippet":"max-snippet:-1","max-image-preview":"max-image-preview:large","max-video-preview":"max-video-preview:-1"},"canonical":"https:\/\/lamancha.es\/fr\/contact","og_locale":"fr_FR","og_type":"article","og_title":"Contactez-nous - La Mancha m\u00e1s que molinos","og_description":"Si vous avez des commentaires, des id\u00e9es ou des suggestions que vous voulez partager avec nous, n\u2019h\u00e9sitez pas \u00e0 nous contacter \u00e0 travers ce formulaire.","og_url":"https:\/\/lamancha.es\/fr\/contact","og_site_name":"La Mancha m\u00e1s que molinos","article_modified_time":"2019-08-27T12:48:06+00:00","twitter_card":"summary_large_image","schema":{"@context":"https:\/\/schema.org","@graph":[{"@type":"WebPage","@id":"https:\/\/lamancha.es\/fr\/contact","url":"https:\/\/lamancha.es\/fr\/contact","name":"Contactez-nous - La Mancha m\u00e1s que molinos","isPartOf":{"@id":"https:\/\/lamancha.es\/fr#website"},"datePublished":"2018-04-08T16:10:34+00:00","dateModified":"2019-08-27T12:48:06+00:00","breadcrumb":{"@id":"https:\/\/lamancha.es\/fr\/contact#breadcrumb"},"inLanguage":"fr-FR","potentialAction":[{"@type":"ReadAction","target":["https:\/\/lamancha.es\/fr\/contact"]}]},{"@type":"BreadcrumbList","@id":"https:\/\/lamancha.es\/fr\/contact#breadcrumb","itemListElement":[{"@type":"ListItem","position":1,"name":"","item":"https:\/\/lamancha.es\/fr"},{"@type":"ListItem","position":2,"name":"Contactez-nous"}]},{"@type":"WebSite","@id":"https:\/\/lamancha.es\/fr#website","url":"https:\/\/lamancha.es\/fr","name":"La Mancha m\u00e1s que molinos","description":"Blog pour d\u00e9couvrir la culture, les saveurs et les lieux \u00e0 visiter \u00e0 Castilla-La Mancha, Espagne","publisher":{"@id":"https:\/\/lamancha.es\/fr#\/schema\/person\/005b0b7123adff1bb585f1b0645c2612"},"potentialAction":[{"@type":"SearchAction","target":{"@type":"EntryPoint","urlTemplate":"https:\/\/lamancha.es\/fr?s={search_term_string}"},"query-input":{"@type":"PropertyValueSpecification","valueRequired":true,"valueName":"search_term_string"}}],"inLanguage":"fr-FR"},{"@type":["Person","Organization"],"@id":"https:\/\/lamancha.es\/fr#\/schema\/person\/005b0b7123adff1bb585f1b0645c2612","name":"Lola","image":{"@type":"ImageObject","inLanguage":"fr-FR","@id":"https:\/\/secure.gravatar.com\/avatar\/8dea1eeb04d4046962d666312620c042fb33aa904add585ea4618a6b4baa3a2e?s=96&d=mm&r=g","url":"https:\/\/secure.gravatar.com\/avatar\/8dea1eeb04d4046962d666312620c042fb33aa904add585ea4618a6b4baa3a2e?s=96&d=mm&r=g","contentUrl":"https:\/\/secure.gravatar.com\/avatar\/8dea1eeb04d4046962d666312620c042fb33aa904add585ea4618a6b4baa3a2e?s=96&d=mm&r=g","caption":"Lola"},"logo":{"@id":"https:\/\/secure.gravatar.com\/avatar\/8dea1eeb04d4046962d666312620c042fb33aa904add585ea4618a6b4baa3a2e?s=96&d=mm&r=g"}}]}},"_links":{"self":[{"href":"https:\/\/lamancha.es\/fr\/wp-json\/wp\/v2\/pages\/79","targetHints":{"allow":["GET"]}}],"collection":[{"href":"https:\/\/lamancha.es\/fr\/wp-json\/wp\/v2\/pages"}],"about":[{"href":"https:\/\/lamancha.es\/fr\/wp-json\/wp\/v2\/types\/page"}],"author":[{"embeddable":true,"href":"https:\/\/lamancha.es\/fr\/wp-json\/wp\/v2\/users\/1"}],"replies":[{"embeddable":true,"href":"https:\/\/lamancha.es\/fr\/wp-json\/wp\/v2\/comments?post=79"}],"version-history":[{"count":10,"href":"https:\/\/lamancha.es\/fr\/wp-json\/wp\/v2\/pages\/79\/revisions"}],"predecessor-version":[{"id":346,"href":"https:\/\/lamancha.es\/fr\/wp-json\/wp\/v2\/pages\/79\/revisions\/346"}],"wp:attachment":[{"href":"https:\/\/lamancha.es\/fr\/wp-json\/wp\/v2\/media?parent=79"}],"curies":[{"name":"wp","href":"https:\/\/api.w.org\/{rel}","templated":true}]}}