{"id":293,"date":"2018-06-02T17:13:30","date_gmt":"2018-06-02T17:13:30","guid":{"rendered":"https:\/\/lamancha.es?page_id=293"},"modified":"2018-06-19T11:45:12","modified_gmt":"2018-06-19T11:45:12","slug":"politique-de-confidentialite","status":"publish","type":"page","link":"https:\/\/lamancha.es\/fr\/politique-de-confidentialite","title":{"rendered":"Politique de confidentialit\u00e9"},"content":{"rendered":"<h2>Qui est responsable du stockage de vos donn\u00e9es :<\/h2>\n<p>Le responsable du traitement de vos donn\u00e9es est Dolores M\u00aa Carrero (ci-apr\u00e8s \u00ab\u00a0l&rsquo;\u00e9ditrice\u00a0\u00bb). L&rsquo;\u00e9ditrice, en tant que responsable du traitement de vos donn\u00e9es personnelles, s&rsquo;engage \u00e0 prot\u00e9ger les donn\u00e9es personnelles de toutes les personnes aupr\u00e8s desquelles elle recueille des donn\u00e9es, dans le respect des exigences l\u00e9gales en mati\u00e8re de protection et de s\u00e9curit\u00e9 des donn\u00e9es.<\/p>\n<h2>Quelles donn\u00e9es sont stock\u00e9es et dans quel but :<\/h2>\n<h3>Commentaires :<\/h3>\n<p>Lorsqu&rsquo;un utilisateur laisse un commentaire, nous enregistrons \u00e0 la fois le commentaire et les donn\u00e9es indiqu\u00e9es sur le formulaire, c&rsquo;est-\u00e0-dire le nom, le courriel et le site web. Nous utilisons \u00e9galement le plugin Akismet Anti-Spam qui peut stocker des donn\u00e9es telles que l&rsquo;IP, le navigateur, l&rsquo;heure ou le lieu. Vous pouvez consulter la <a href=\"https:\/\/akismet.com\/privacy\/\" target=\"_blank\">politique de confidentialit\u00e9 d&rsquo;Akismet<\/a> pour en savoir plus sur l&rsquo;utilisation qu&rsquo;elle fait de vos donn\u00e9es personnelles.<\/p>\n<h3>Formulaire de contact :<\/h3>\n<p>Lorsqu&rsquo;un utilisateur remplit et envoie un formulaire de contact, nous enregistrons le sujet, le commentaire, le nom et l&rsquo;adresse \u00e9lectronique afin de r\u00e9pondre aux questions ou commentaires formul\u00e9s dans le message.<\/p>\n<p>Nous n&rsquo;utiliserons pas vos donn\u00e9es personnelles pour envoyer des informations qui ne sont pas li\u00e9es au sujet du blog, ou pour envoyer de la publicit\u00e9.<\/p>\n<h2>Avec qui vos informations sont partag\u00e9es :<\/h2>\n<p>Dans certains cas, nous partageons les informations sur les visiteurs de ce site web de mani\u00e8re anonyme ou globale avec des tiers dans le seul but d&rsquo;am\u00e9liorer nos services. Toutes ces t\u00e2ches de traitement seront r\u00e9glement\u00e9es conform\u00e9ment aux dispositions l\u00e9gales et tous vos droits en mati\u00e8re de protection des donn\u00e9es seront respect\u00e9s conform\u00e9ment \u00e0 la r\u00e9glementation en vigueur.<\/p>\n<p>Ce site mesure le trafic \u00e0 l&rsquo;aide de diff\u00e9rentes solutions qui peuvent utiliser des <a href=\"https:\/\/fr.wikipedia.org\/wiki\/Cookie_(informatique)\" target=\"_blank\">cookies<\/a> ou des <a href=\"https:\/\/fr.wikipedia.org\/wiki\/Pixel_espion\" target=\"_blank\">pixels espions<\/a> pour analyser ce qui se passe sur notre site. Nous utilisons actuellement Google Analytcis pour mesurer le trafic sur ce site. Vous pouvez lire la <a href=\"https:\/\/www.google.com\/analytics\/learn\/privacy.html?hl=fr\" target=\"_blank\">politique de confidentialit\u00e9 de Google Analytics<\/a> pour en savoir plus.<\/p>\n<h2>La dur\u00e9e de stockage de vos donn\u00e9es :<\/h2>\n<p>Les donn\u00e9es personnelles que vous nous fournissez par l&rsquo;interm\u00e9diaire de notre site web seront conserv\u00e9es pendant toute la dur\u00e9e du traitement pour lequel elles ont \u00e9t\u00e9 fournies. Une fois cet objectif atteint, nous proc\u00e9derons \u00e0 leur annulation.<\/p>\n<h2>Comment supprimer ou demander vos donn\u00e9es d&rsquo;utilisateur :<\/h2>\n<p>En tant que titulaire des donn\u00e9es personnelles, vous pouvez exercer votre droit de demander l&rsquo;acc\u00e8s gratuit \u00e0 vos donn\u00e9es personnelles, le droit de les rectifier ou de les supprimer, le droit de demander la limitation de leur traitement, le droit de s&rsquo;opposer au traitement et le droit \u00e0 la portabilit\u00e9 des donn\u00e9es. Pour ce faire, vous pouvez envoyer un courriel \u00e0 l&rsquo;adresse \u00e9lectronique suivante : contacto@lamancha.es.\u00a0Si l&rsquo;exercice de vos droits n&rsquo;est pas r\u00e9solu de mani\u00e8re satisfaisante, vous pouvez d\u00e9poser une plainte aupr\u00e8s de l&rsquo;Agence espagnole de protection des donn\u00e9es.<\/p>\n","protected":false},"excerpt":{"rendered":"<p>Qui est responsable du stockage de vos donn\u00e9es : Le responsable du traitement de vos donn\u00e9es est Dolores M\u00aa Carrero (ci-apr\u00e8s \u00ab\u00a0l&rsquo;\u00e9ditrice\u00a0\u00bb). L&rsquo;\u00e9ditrice, en tant que responsable du traitement de vos donn\u00e9es personnelles, s&rsquo;engage \u00e0 prot\u00e9ger les donn\u00e9es personnelles de toutes les personnes aupr\u00e8s desquelles elle recueille des donn\u00e9es, dans le respect des exigences l\u00e9gales [&hellip;]<\/p>\n","protected":false},"author":1,"featured_media":0,"parent":0,"menu_order":0,"comment_status":"closed","ping_status":"closed","template":"page.php","meta":{"footnotes":""},"class_list":["post-293","page","type-page","status-publish","hentry"],"yoast_head":"<!-- This site is optimized with the Yoast SEO plugin v27.2 - https:\/\/yoast.com\/product\/yoast-seo-wordpress\/ -->\n<title>Politique de confidentialit\u00e9 - La Mancha m\u00e1s que molinos<\/title>\n<meta name=\"robots\" content=\"index, follow, max-snippet:-1, max-image-preview:large, max-video-preview:-1\" \/>\n<link rel=\"canonical\" href=\"https:\/\/lamancha.es\/fr\/politique-de-confidentialite\" \/>\n<meta property=\"og:locale\" content=\"fr_FR\" \/>\n<meta property=\"og:type\" content=\"article\" \/>\n<meta property=\"og:title\" content=\"Politique de confidentialit\u00e9 - La Mancha m\u00e1s que molinos\" \/>\n<meta property=\"og:description\" content=\"Qui est responsable du stockage de vos donn\u00e9es : Le responsable du traitement de vos donn\u00e9es est Dolores M\u00aa Carrero (ci-apr\u00e8s \u00ab\u00a0l&rsquo;\u00e9ditrice\u00a0\u00bb). L&rsquo;\u00e9ditrice, en tant que responsable du traitement de vos donn\u00e9es personnelles, s&rsquo;engage \u00e0 prot\u00e9ger les donn\u00e9es personnelles de toutes les personnes aupr\u00e8s desquelles elle recueille des donn\u00e9es, dans le respect des exigences l\u00e9gales [&hellip;]\" \/>\n<meta property=\"og:url\" content=\"https:\/\/lamancha.es\/fr\/politique-de-confidentialite\" \/>\n<meta property=\"og:site_name\" content=\"La Mancha m\u00e1s que molinos\" \/>\n<meta property=\"article:modified_time\" content=\"2018-06-19T11:45:12+00:00\" \/>\n<meta name=\"twitter:card\" content=\"summary_large_image\" \/>\n<meta name=\"twitter:label1\" content=\"Dur\u00e9e de lecture estim\u00e9e\" \/>\n\t<meta name=\"twitter:data1\" content=\"3 minutes\" \/>\n<script type=\"application\/ld+json\" class=\"yoast-schema-graph\">{\"@context\":\"https:\/\/schema.org\",\"@graph\":[{\"@type\":\"WebPage\",\"@id\":\"https:\/\/lamancha.es\/fr\/politique-de-confidentialite\",\"url\":\"https:\/\/lamancha.es\/fr\/politique-de-confidentialite\",\"name\":\"Politique de confidentialit\u00e9 - La Mancha m\u00e1s que molinos\",\"isPartOf\":{\"@id\":\"https:\/\/lamancha.es\/fr#website\"},\"datePublished\":\"2018-06-02T17:13:30+00:00\",\"dateModified\":\"2018-06-19T11:45:12+00:00\",\"breadcrumb\":{\"@id\":\"https:\/\/lamancha.es\/fr\/politique-de-confidentialite#breadcrumb\"},\"inLanguage\":\"fr-FR\",\"potentialAction\":[{\"@type\":\"ReadAction\",\"target\":[\"https:\/\/lamancha.es\/fr\/politique-de-confidentialite\"]}]},{\"@type\":\"BreadcrumbList\",\"@id\":\"https:\/\/lamancha.es\/fr\/politique-de-confidentialite#breadcrumb\",\"itemListElement\":[{\"@type\":\"ListItem\",\"position\":1,\"name\":\"\",\"item\":\"https:\/\/lamancha.es\/fr\"},{\"@type\":\"ListItem\",\"position\":2,\"name\":\"Politique de confidentialit\u00e9\"}]},{\"@type\":\"WebSite\",\"@id\":\"https:\/\/lamancha.es\/fr#website\",\"url\":\"https:\/\/lamancha.es\/fr\",\"name\":\"La Mancha m\u00e1s que molinos\",\"description\":\"Blog pour d\u00e9couvrir la culture, les saveurs et les lieux \u00e0 visiter \u00e0 Castilla-La Mancha, Espagne\",\"publisher\":{\"@id\":\"https:\/\/lamancha.es\/fr#\/schema\/person\/005b0b7123adff1bb585f1b0645c2612\"},\"potentialAction\":[{\"@type\":\"SearchAction\",\"target\":{\"@type\":\"EntryPoint\",\"urlTemplate\":\"https:\/\/lamancha.es\/fr?s={search_term_string}\"},\"query-input\":{\"@type\":\"PropertyValueSpecification\",\"valueRequired\":true,\"valueName\":\"search_term_string\"}}],\"inLanguage\":\"fr-FR\"},{\"@type\":[\"Person\",\"Organization\"],\"@id\":\"https:\/\/lamancha.es\/fr#\/schema\/person\/005b0b7123adff1bb585f1b0645c2612\",\"name\":\"Lola\",\"image\":{\"@type\":\"ImageObject\",\"inLanguage\":\"fr-FR\",\"@id\":\"https:\/\/secure.gravatar.com\/avatar\/8dea1eeb04d4046962d666312620c042fb33aa904add585ea4618a6b4baa3a2e?s=96&d=mm&r=g\",\"url\":\"https:\/\/secure.gravatar.com\/avatar\/8dea1eeb04d4046962d666312620c042fb33aa904add585ea4618a6b4baa3a2e?s=96&d=mm&r=g\",\"contentUrl\":\"https:\/\/secure.gravatar.com\/avatar\/8dea1eeb04d4046962d666312620c042fb33aa904add585ea4618a6b4baa3a2e?s=96&d=mm&r=g\",\"caption\":\"Lola\"},\"logo\":{\"@id\":\"https:\/\/secure.gravatar.com\/avatar\/8dea1eeb04d4046962d666312620c042fb33aa904add585ea4618a6b4baa3a2e?s=96&d=mm&r=g\"}}]}<\/script>\n<!-- \/ Yoast SEO plugin. -->","yoast_head_json":{"title":"Politique de confidentialit\u00e9 - La Mancha m\u00e1s que molinos","robots":{"index":"index","follow":"follow","max-snippet":"max-snippet:-1","max-image-preview":"max-image-preview:large","max-video-preview":"max-video-preview:-1"},"canonical":"https:\/\/lamancha.es\/fr\/politique-de-confidentialite","og_locale":"fr_FR","og_type":"article","og_title":"Politique de confidentialit\u00e9 - La Mancha m\u00e1s que molinos","og_description":"Qui est responsable du stockage de vos donn\u00e9es : Le responsable du traitement de vos donn\u00e9es est Dolores M\u00aa Carrero (ci-apr\u00e8s \u00ab\u00a0l&rsquo;\u00e9ditrice\u00a0\u00bb). L&rsquo;\u00e9ditrice, en tant que responsable du traitement de vos donn\u00e9es personnelles, s&rsquo;engage \u00e0 prot\u00e9ger les donn\u00e9es personnelles de toutes les personnes aupr\u00e8s desquelles elle recueille des donn\u00e9es, dans le respect des exigences l\u00e9gales [&hellip;]","og_url":"https:\/\/lamancha.es\/fr\/politique-de-confidentialite","og_site_name":"La Mancha m\u00e1s que molinos","article_modified_time":"2018-06-19T11:45:12+00:00","twitter_card":"summary_large_image","twitter_misc":{"Dur\u00e9e de lecture estim\u00e9e":"3 minutes"},"schema":{"@context":"https:\/\/schema.org","@graph":[{"@type":"WebPage","@id":"https:\/\/lamancha.es\/fr\/politique-de-confidentialite","url":"https:\/\/lamancha.es\/fr\/politique-de-confidentialite","name":"Politique de confidentialit\u00e9 - La Mancha m\u00e1s que molinos","isPartOf":{"@id":"https:\/\/lamancha.es\/fr#website"},"datePublished":"2018-06-02T17:13:30+00:00","dateModified":"2018-06-19T11:45:12+00:00","breadcrumb":{"@id":"https:\/\/lamancha.es\/fr\/politique-de-confidentialite#breadcrumb"},"inLanguage":"fr-FR","potentialAction":[{"@type":"ReadAction","target":["https:\/\/lamancha.es\/fr\/politique-de-confidentialite"]}]},{"@type":"BreadcrumbList","@id":"https:\/\/lamancha.es\/fr\/politique-de-confidentialite#breadcrumb","itemListElement":[{"@type":"ListItem","position":1,"name":"","item":"https:\/\/lamancha.es\/fr"},{"@type":"ListItem","position":2,"name":"Politique de confidentialit\u00e9"}]},{"@type":"WebSite","@id":"https:\/\/lamancha.es\/fr#website","url":"https:\/\/lamancha.es\/fr","name":"La Mancha m\u00e1s que molinos","description":"Blog pour d\u00e9couvrir la culture, les saveurs et les lieux \u00e0 visiter \u00e0 Castilla-La Mancha, Espagne","publisher":{"@id":"https:\/\/lamancha.es\/fr#\/schema\/person\/005b0b7123adff1bb585f1b0645c2612"},"potentialAction":[{"@type":"SearchAction","target":{"@type":"EntryPoint","urlTemplate":"https:\/\/lamancha.es\/fr?s={search_term_string}"},"query-input":{"@type":"PropertyValueSpecification","valueRequired":true,"valueName":"search_term_string"}}],"inLanguage":"fr-FR"},{"@type":["Person","Organization"],"@id":"https:\/\/lamancha.es\/fr#\/schema\/person\/005b0b7123adff1bb585f1b0645c2612","name":"Lola","image":{"@type":"ImageObject","inLanguage":"fr-FR","@id":"https:\/\/secure.gravatar.com\/avatar\/8dea1eeb04d4046962d666312620c042fb33aa904add585ea4618a6b4baa3a2e?s=96&d=mm&r=g","url":"https:\/\/secure.gravatar.com\/avatar\/8dea1eeb04d4046962d666312620c042fb33aa904add585ea4618a6b4baa3a2e?s=96&d=mm&r=g","contentUrl":"https:\/\/secure.gravatar.com\/avatar\/8dea1eeb04d4046962d666312620c042fb33aa904add585ea4618a6b4baa3a2e?s=96&d=mm&r=g","caption":"Lola"},"logo":{"@id":"https:\/\/secure.gravatar.com\/avatar\/8dea1eeb04d4046962d666312620c042fb33aa904add585ea4618a6b4baa3a2e?s=96&d=mm&r=g"}}]}},"_links":{"self":[{"href":"https:\/\/lamancha.es\/fr\/wp-json\/wp\/v2\/pages\/293","targetHints":{"allow":["GET"]}}],"collection":[{"href":"https:\/\/lamancha.es\/fr\/wp-json\/wp\/v2\/pages"}],"about":[{"href":"https:\/\/lamancha.es\/fr\/wp-json\/wp\/v2\/types\/page"}],"author":[{"embeddable":true,"href":"https:\/\/lamancha.es\/fr\/wp-json\/wp\/v2\/users\/1"}],"replies":[{"embeddable":true,"href":"https:\/\/lamancha.es\/fr\/wp-json\/wp\/v2\/comments?post=293"}],"version-history":[{"count":7,"href":"https:\/\/lamancha.es\/fr\/wp-json\/wp\/v2\/pages\/293\/revisions"}],"predecessor-version":[{"id":312,"href":"https:\/\/lamancha.es\/fr\/wp-json\/wp\/v2\/pages\/293\/revisions\/312"}],"wp:attachment":[{"href":"https:\/\/lamancha.es\/fr\/wp-json\/wp\/v2\/media?parent=293"}],"curies":[{"name":"wp","href":"https:\/\/api.w.org\/{rel}","templated":true}]}}