{"id":278,"date":"2018-06-02T15:25:47","date_gmt":"2018-06-02T15:25:47","guid":{"rendered":"https:\/\/lamancha.es?page_id=278"},"modified":"2019-12-18T11:48:58","modified_gmt":"2019-12-18T11:48:58","slug":"mentions-legales","status":"publish","type":"page","link":"https:\/\/lamancha.es\/fr\/mentions-legales","title":{"rendered":"Mentions l\u00e9gales"},"content":{"rendered":"<h2><strong>H\u00e9bergement :<\/strong><\/h2>\n<p><a href=\"https:\/\/www.stackscale.com\/\" target=\"_blank\" rel=\"noopener noreferrer\">Stackscale<\/a> avec si\u00e8ge social \u00e0 15, rue Jacometrezo, 2\u00e8me \u00e9tage, CP: 28013 (Madrid); CIF B85537108, courriel de contact support[arobase]stackscale[point]com et num\u00e9ro de t\u00e9l\u00e9phone (+34) 911 091 090.<\/p>\n<h2 dir=\"ltr\"><strong>Donn\u00e9es personnelles :<\/strong><\/h2>\n<p dir=\"ltr\">Les donn\u00e9es personnelles que vous nous fournissez par l&rsquo;interm\u00e9diaire de ce site web ne seront pas transmises \u00e0 des tiers.\u00a0Consultez notre <a href=\"https:\/\/lamancha.es\/fr\/politique-de-confidentialite\">politique de confidentialit\u00e9<\/a> pour en savoir plus sur l&rsquo;utilisation des donn\u00e9es personnelles.<\/p>\n<h2 dir=\"ltr\"><strong>Mod\u00e9ration des commentaires :<\/strong><\/h2>\n<p dir=\"ltr\">Les commentaires sont approuv\u00e9s manuellement. Pour \u00eatre approuv\u00e9, le commentaire doit :<\/p>\n<ul>\n<li dir=\"ltr\"><strong>\u00catre en rapport avec le sujet du blog<\/strong> ou de l&rsquo;article dans lequel il est comment\u00e9.<\/li>\n<li dir=\"ltr\"><strong>Respecte<\/strong>r le site web, l&rsquo;auteur et les autres utilisateurs. Les commentaires qui \u00e9voquent la haine ou la discrimination (sexe, nationalit\u00e9, id\u00e9ologies, \u00e2ge ou autre), les commentaires qui comprennent des insultes ou des critiques non constructives, ou les commentaires \u00e0 des fins publicitaires ne seront pas approuv\u00e9s.<\/li>\n<\/ul>\n<h2 dir=\"ltr\"><strong>Propri\u00e9t\u00e9 industrielle et intellectuelle :<\/strong><\/h2>\n<p>Le contenu du <a href=\"https:\/\/lamancha.es\/fr\">site web La Mancha m\u00e1s que molinos<\/a> est la propri\u00e9t\u00e9 intellectuelle de Dolores M\u00aa Carrero et est distribu\u00e9 sous la licence\u00a0<a href=\"https:\/\/creativecommons.org\/licenses\/by-sa\/2.0\/fr\/\" target=\"_blank\" rel=\"noopener noreferrer\">Creative Commons Attribution-Partage dans les M\u00eames Conditions<\/a>.<\/p>\n<p>Les utilisateurs peuvent utiliser, visualiser, imprimer, t\u00e9l\u00e9charger et stocker les contenus et\/ou \u00e9l\u00e9ments ins\u00e9r\u00e9s dans le site web exclusivement pour leur usage personnel, priv\u00e9 et sans but lucratif, \u00e0 condition que, dans tous les cas, l&rsquo;origine et\/ou l&rsquo;auteur de ces contenus et\/ou \u00e9l\u00e9ments soit indiqu\u00e9 et que, le cas \u00e9ch\u00e9ant, le symbole du droit d&rsquo;auteur et\/ou les avis de propri\u00e9t\u00e9 industrielle de leurs propri\u00e9taires soient indiqu\u00e9s. L&rsquo;utilisation de ces \u00e9l\u00e9ments, leur reproduction, leur communication et\/ou distribution \u00e0 des fins commerciales ou lucratives, ainsi que leur modification ou alt\u00e9ration est strictement interdite. Pour toute autre utilisation que celles express\u00e9ment autoris\u00e9es, le consentement \u00e9crit pr\u00e9alable du titulaire des droits en question doit \u00eatre obtenu.<\/p>\n","protected":false},"excerpt":{"rendered":"<p>H\u00e9bergement : Stackscale avec si\u00e8ge social \u00e0 15, rue Jacometrezo, 2\u00e8me \u00e9tage, CP: 28013 (Madrid); CIF B85537108, courriel de contact support[arobase]stackscale[point]com et num\u00e9ro de t\u00e9l\u00e9phone (+34) 911 091 090. Donn\u00e9es personnelles : Les donn\u00e9es personnelles que vous nous fournissez par l&rsquo;interm\u00e9diaire de ce site web ne seront pas transmises \u00e0 des tiers.\u00a0Consultez notre politique de [&hellip;]<\/p>\n","protected":false},"author":1,"featured_media":0,"parent":0,"menu_order":0,"comment_status":"closed","ping_status":"closed","template":"page.php","meta":{"footnotes":""},"class_list":["post-278","page","type-page","status-publish","hentry"],"yoast_head":"<!-- This site is optimized with the Yoast SEO plugin v27.2 - https:\/\/yoast.com\/product\/yoast-seo-wordpress\/ -->\n<title>Mentions l\u00e9gales du blog La Mancha m\u00e1s que molinos - La Mancha<\/title>\n<meta name=\"description\" content=\"Voir le mentions l\u00e9gales du blog sur la r\u00e9gion de Castilla-La Mancha, en Espagne, La Mancha m\u00e1s que molinos.\" \/>\n<meta name=\"robots\" content=\"index, follow, max-snippet:-1, max-image-preview:large, max-video-preview:-1\" \/>\n<link rel=\"canonical\" href=\"https:\/\/lamancha.es\/fr\/mentions-legales\" \/>\n<meta property=\"og:locale\" content=\"fr_FR\" \/>\n<meta property=\"og:type\" content=\"article\" \/>\n<meta property=\"og:title\" content=\"Mentions l\u00e9gales du blog La Mancha m\u00e1s que molinos - La Mancha\" \/>\n<meta property=\"og:description\" content=\"Voir le mentions l\u00e9gales du blog sur la r\u00e9gion de Castilla-La Mancha, en Espagne, La Mancha m\u00e1s que molinos.\" \/>\n<meta property=\"og:url\" content=\"https:\/\/lamancha.es\/fr\/mentions-legales\" \/>\n<meta property=\"og:site_name\" content=\"La Mancha m\u00e1s que molinos\" \/>\n<meta property=\"article:modified_time\" content=\"2019-12-18T11:48:58+00:00\" \/>\n<meta name=\"twitter:card\" content=\"summary_large_image\" \/>\n<meta name=\"twitter:label1\" content=\"Dur\u00e9e de lecture estim\u00e9e\" \/>\n\t<meta name=\"twitter:data1\" content=\"2 minutes\" \/>\n<script type=\"application\/ld+json\" class=\"yoast-schema-graph\">{\"@context\":\"https:\/\/schema.org\",\"@graph\":[{\"@type\":\"WebPage\",\"@id\":\"https:\/\/lamancha.es\/fr\/mentions-legales\",\"url\":\"https:\/\/lamancha.es\/fr\/mentions-legales\",\"name\":\"Mentions l\u00e9gales du blog La Mancha m\u00e1s que molinos - La Mancha\",\"isPartOf\":{\"@id\":\"https:\/\/lamancha.es\/fr#website\"},\"datePublished\":\"2018-06-02T15:25:47+00:00\",\"dateModified\":\"2019-12-18T11:48:58+00:00\",\"description\":\"Voir le mentions l\u00e9gales du blog sur la r\u00e9gion de Castilla-La Mancha, en Espagne, La Mancha m\u00e1s que molinos.\",\"breadcrumb\":{\"@id\":\"https:\/\/lamancha.es\/fr\/mentions-legales#breadcrumb\"},\"inLanguage\":\"fr-FR\",\"potentialAction\":[{\"@type\":\"ReadAction\",\"target\":[\"https:\/\/lamancha.es\/fr\/mentions-legales\"]}]},{\"@type\":\"BreadcrumbList\",\"@id\":\"https:\/\/lamancha.es\/fr\/mentions-legales#breadcrumb\",\"itemListElement\":[{\"@type\":\"ListItem\",\"position\":1,\"name\":\"\",\"item\":\"https:\/\/lamancha.es\/fr\"},{\"@type\":\"ListItem\",\"position\":2,\"name\":\"Mentions l\u00e9gales\"}]},{\"@type\":\"WebSite\",\"@id\":\"https:\/\/lamancha.es\/fr#website\",\"url\":\"https:\/\/lamancha.es\/fr\",\"name\":\"La Mancha m\u00e1s que molinos\",\"description\":\"Blog pour d\u00e9couvrir la culture, les saveurs et les lieux \u00e0 visiter \u00e0 Castilla-La Mancha, Espagne\",\"publisher\":{\"@id\":\"https:\/\/lamancha.es\/fr#\/schema\/person\/005b0b7123adff1bb585f1b0645c2612\"},\"potentialAction\":[{\"@type\":\"SearchAction\",\"target\":{\"@type\":\"EntryPoint\",\"urlTemplate\":\"https:\/\/lamancha.es\/fr?s={search_term_string}\"},\"query-input\":{\"@type\":\"PropertyValueSpecification\",\"valueRequired\":true,\"valueName\":\"search_term_string\"}}],\"inLanguage\":\"fr-FR\"},{\"@type\":[\"Person\",\"Organization\"],\"@id\":\"https:\/\/lamancha.es\/fr#\/schema\/person\/005b0b7123adff1bb585f1b0645c2612\",\"name\":\"Lola\",\"image\":{\"@type\":\"ImageObject\",\"inLanguage\":\"fr-FR\",\"@id\":\"https:\/\/secure.gravatar.com\/avatar\/8dea1eeb04d4046962d666312620c042fb33aa904add585ea4618a6b4baa3a2e?s=96&d=mm&r=g\",\"url\":\"https:\/\/secure.gravatar.com\/avatar\/8dea1eeb04d4046962d666312620c042fb33aa904add585ea4618a6b4baa3a2e?s=96&d=mm&r=g\",\"contentUrl\":\"https:\/\/secure.gravatar.com\/avatar\/8dea1eeb04d4046962d666312620c042fb33aa904add585ea4618a6b4baa3a2e?s=96&d=mm&r=g\",\"caption\":\"Lola\"},\"logo\":{\"@id\":\"https:\/\/secure.gravatar.com\/avatar\/8dea1eeb04d4046962d666312620c042fb33aa904add585ea4618a6b4baa3a2e?s=96&d=mm&r=g\"}}]}<\/script>\n<!-- \/ Yoast SEO plugin. -->","yoast_head_json":{"title":"Mentions l\u00e9gales du blog La Mancha m\u00e1s que molinos - La Mancha","description":"Voir le mentions l\u00e9gales du blog sur la r\u00e9gion de Castilla-La Mancha, en Espagne, La Mancha m\u00e1s que molinos.","robots":{"index":"index","follow":"follow","max-snippet":"max-snippet:-1","max-image-preview":"max-image-preview:large","max-video-preview":"max-video-preview:-1"},"canonical":"https:\/\/lamancha.es\/fr\/mentions-legales","og_locale":"fr_FR","og_type":"article","og_title":"Mentions l\u00e9gales du blog La Mancha m\u00e1s que molinos - La Mancha","og_description":"Voir le mentions l\u00e9gales du blog sur la r\u00e9gion de Castilla-La Mancha, en Espagne, La Mancha m\u00e1s que molinos.","og_url":"https:\/\/lamancha.es\/fr\/mentions-legales","og_site_name":"La Mancha m\u00e1s que molinos","article_modified_time":"2019-12-18T11:48:58+00:00","twitter_card":"summary_large_image","twitter_misc":{"Dur\u00e9e de lecture estim\u00e9e":"2 minutes"},"schema":{"@context":"https:\/\/schema.org","@graph":[{"@type":"WebPage","@id":"https:\/\/lamancha.es\/fr\/mentions-legales","url":"https:\/\/lamancha.es\/fr\/mentions-legales","name":"Mentions l\u00e9gales du blog La Mancha m\u00e1s que molinos - La Mancha","isPartOf":{"@id":"https:\/\/lamancha.es\/fr#website"},"datePublished":"2018-06-02T15:25:47+00:00","dateModified":"2019-12-18T11:48:58+00:00","description":"Voir le mentions l\u00e9gales du blog sur la r\u00e9gion de Castilla-La Mancha, en Espagne, La Mancha m\u00e1s que molinos.","breadcrumb":{"@id":"https:\/\/lamancha.es\/fr\/mentions-legales#breadcrumb"},"inLanguage":"fr-FR","potentialAction":[{"@type":"ReadAction","target":["https:\/\/lamancha.es\/fr\/mentions-legales"]}]},{"@type":"BreadcrumbList","@id":"https:\/\/lamancha.es\/fr\/mentions-legales#breadcrumb","itemListElement":[{"@type":"ListItem","position":1,"name":"","item":"https:\/\/lamancha.es\/fr"},{"@type":"ListItem","position":2,"name":"Mentions l\u00e9gales"}]},{"@type":"WebSite","@id":"https:\/\/lamancha.es\/fr#website","url":"https:\/\/lamancha.es\/fr","name":"La Mancha m\u00e1s que molinos","description":"Blog pour d\u00e9couvrir la culture, les saveurs et les lieux \u00e0 visiter \u00e0 Castilla-La Mancha, Espagne","publisher":{"@id":"https:\/\/lamancha.es\/fr#\/schema\/person\/005b0b7123adff1bb585f1b0645c2612"},"potentialAction":[{"@type":"SearchAction","target":{"@type":"EntryPoint","urlTemplate":"https:\/\/lamancha.es\/fr?s={search_term_string}"},"query-input":{"@type":"PropertyValueSpecification","valueRequired":true,"valueName":"search_term_string"}}],"inLanguage":"fr-FR"},{"@type":["Person","Organization"],"@id":"https:\/\/lamancha.es\/fr#\/schema\/person\/005b0b7123adff1bb585f1b0645c2612","name":"Lola","image":{"@type":"ImageObject","inLanguage":"fr-FR","@id":"https:\/\/secure.gravatar.com\/avatar\/8dea1eeb04d4046962d666312620c042fb33aa904add585ea4618a6b4baa3a2e?s=96&d=mm&r=g","url":"https:\/\/secure.gravatar.com\/avatar\/8dea1eeb04d4046962d666312620c042fb33aa904add585ea4618a6b4baa3a2e?s=96&d=mm&r=g","contentUrl":"https:\/\/secure.gravatar.com\/avatar\/8dea1eeb04d4046962d666312620c042fb33aa904add585ea4618a6b4baa3a2e?s=96&d=mm&r=g","caption":"Lola"},"logo":{"@id":"https:\/\/secure.gravatar.com\/avatar\/8dea1eeb04d4046962d666312620c042fb33aa904add585ea4618a6b4baa3a2e?s=96&d=mm&r=g"}}]}},"_links":{"self":[{"href":"https:\/\/lamancha.es\/fr\/wp-json\/wp\/v2\/pages\/278","targetHints":{"allow":["GET"]}}],"collection":[{"href":"https:\/\/lamancha.es\/fr\/wp-json\/wp\/v2\/pages"}],"about":[{"href":"https:\/\/lamancha.es\/fr\/wp-json\/wp\/v2\/types\/page"}],"author":[{"embeddable":true,"href":"https:\/\/lamancha.es\/fr\/wp-json\/wp\/v2\/users\/1"}],"replies":[{"embeddable":true,"href":"https:\/\/lamancha.es\/fr\/wp-json\/wp\/v2\/comments?post=278"}],"version-history":[{"count":9,"href":"https:\/\/lamancha.es\/fr\/wp-json\/wp\/v2\/pages\/278\/revisions"}],"predecessor-version":[{"id":350,"href":"https:\/\/lamancha.es\/fr\/wp-json\/wp\/v2\/pages\/278\/revisions\/350"}],"wp:attachment":[{"href":"https:\/\/lamancha.es\/fr\/wp-json\/wp\/v2\/media?parent=278"}],"curies":[{"name":"wp","href":"https:\/\/api.w.org\/{rel}","templated":true}]}}